{"id":1050,"date":"2024-07-10T21:58:26","date_gmt":"2024-07-10T21:58:26","guid":{"rendered":"https:\/\/academiacasadosavos.pt\/?page_id=1050"},"modified":"2024-07-20T13:48:48","modified_gmt":"2024-07-20T13:48:48","slug":"oficina-renovacao-criativa-de-objetos-verao-2024","status":"publish","type":"page","link":"https:\/\/academiacasadosavos.pt\/index.php\/oficina-renovacao-criativa-de-objetos-verao-2024\/","title":{"rendered":"Oficina de Renova\u00e7\u00e3o Criativa de Objetos &#8211; Ver\u00e3o 2024"},"content":{"rendered":"\n<p><\/p>\n\n\n\n<div class=\"wp-block-group is-layout-constrained wp-block-group-is-layout-constrained\">\n<div class=\"wp-block-columns is-layout-flex wp-container-core-columns-is-layout-28f84493 wp-block-columns-is-layout-flex\">\n<div class=\"wp-block-column is-layout-flow wp-block-column-is-layout-flow\">\n<p class=\"has-text-align-left\" style=\"font-size:19px\">Oficina de Renova\u00e7\u00e3o Criativa de Objetos<\/p>\n\n\n\n<p><\/p>\n\n\n\n<p><br><\/p>\n\n\n\n<p><\/p>\n\n\n\n<p>Evento <strong>GRATUITO !<\/strong><\/p>\n\n\n\n<p><br><\/p>\n\n\n\n<p><\/p>\n\n\n\n<p class=\"has-text-align-left\" style=\"font-size:19px\">Na \u00faltima oficina de ver\u00e3o da Casa dos Av\u00f3s, vamos dar uma vida nova a algo que j\u00e1 n\u00e3o usamos. Reutilizar \u00e9 uma atitude respons\u00e1vel, e sustent\u00e1vel.<\/p>\n\n\n\n<p>Convidamos os participantes a levarem uma pe\u00e7a de roupa que j\u00e1 n\u00e3o usem e com a ajuda das av\u00f3s vamos dar a essa pe\u00e7a de roupa uma vida nova.<\/p>\n\n\n\n<p>\u00c9 um gosto receber-vos na Casa dos Av\u00f3s.<br><br><\/p>\n\n\n\n<p class=\"has-text-align-left\" style=\"font-size:19px\">A entrada \u00e9 livre mas sujeita a inscri\u00e7\u00e3o.<br><br><br><\/p>\n\n\n\n<div class=\"wp-block-columns is-layout-flex wp-container-core-columns-is-layout-28f84493 wp-block-columns-is-layout-flex\">\n<div class=\"wp-block-column is-vertically-aligned-center is-layout-flow wp-block-column-is-layout-flow\">\n<p><strong>A inscri\u00e7\u00e3o \u00e9 obrigat\u00f3ria <\/strong><\/p>\n\n\n\n<p><\/p>\n\n\n\n<p><\/p>\n<\/div>\n\n\n\n<div class=\"wp-block-column is-layout-flow wp-block-column-is-layout-flow\">\n<p class=\"has-text-align-center has-big-font-size\"><\/p>\n<\/div>\n\n\n\n<div class=\"wp-block-column is-layout-flow wp-block-column-is-layout-flow\">\n<p class=\"has-text-align-center has-background-color has-custom-casa-avos-background-color has-text-color has-background has-link-color wp-elements-5a8204a3c6d79fa4aef1e63b57693cd5\" style=\"font-size:29px\"><strong>Lugares limitados<\/strong><\/p>\n<\/div>\n<\/div>\n<\/div>\n<\/div>\n<\/div>\n\n\n\n<div class=\"wp-block-columns is-layout-flex wp-container-core-columns-is-layout-28f84493 wp-block-columns-is-layout-flex\">\n<div class=\"wp-block-column is-layout-flow wp-block-column-is-layout-flow\" style=\"padding-top:var(--wp--preset--spacing--30);padding-bottom:var(--wp--preset--spacing--30)\"><\/div>\n<\/div>\n\n\n\n<div class=\"wp-block-columns is-layout-flex wp-container-core-columns-is-layout-28f84493 wp-block-columns-is-layout-flex\">\n<div class=\"wp-block-column is-layout-flow wp-block-column-is-layout-flow\">\n<figure class=\"wp-block-image size-large\"><img fetchpriority=\"high\" decoding=\"async\" width=\"1024\" height=\"1024\" src=\"https:\/\/academiacasadosavos.pt\/wp-content\/uploads\/2024\/07\/Oficina_Renovacao_Objetos_Verao_2024-1024x1024.jpg\" alt=\"\" class=\"wp-image-1062\" srcset=\"https:\/\/academiacasadosavos.pt\/wp-content\/uploads\/2024\/07\/Oficina_Renovacao_Objetos_Verao_2024-1024x1024.jpg 1024w, https:\/\/academiacasadosavos.pt\/wp-content\/uploads\/2024\/07\/Oficina_Renovacao_Objetos_Verao_2024-300x300.jpg 300w, https:\/\/academiacasadosavos.pt\/wp-content\/uploads\/2024\/07\/Oficina_Renovacao_Objetos_Verao_2024-150x150.jpg 150w, https:\/\/academiacasadosavos.pt\/wp-content\/uploads\/2024\/07\/Oficina_Renovacao_Objetos_Verao_2024-768x768.jpg 768w, https:\/\/academiacasadosavos.pt\/wp-content\/uploads\/2024\/07\/Oficina_Renovacao_Objetos_Verao_2024-1536x1536.jpg 1536w, https:\/\/academiacasadosavos.pt\/wp-content\/uploads\/2024\/07\/Oficina_Renovacao_Objetos_Verao_2024.jpg 1600w\" sizes=\"(max-width: 1024px) 100vw, 1024px\" \/><\/figure>\n\n\n\n<div class=\"wp-block-columns is-layout-flex wp-container-core-columns-is-layout-28f84493 wp-block-columns-is-layout-flex\">\n<div class=\"wp-block-column is-layout-flow wp-block-column-is-layout-flow\"><\/div>\n<\/div>\n<\/div>\n\n\n\n<div class=\"wp-block-column is-layout-flow wp-block-column-is-layout-flow\" style=\"flex-basis:75px\"><\/div>\n\n\n\n<div class=\"wp-block-column is-layout-flow wp-block-column-is-layout-flow\">\n<div class=\"wp-block-columns is-layout-flex wp-container-core-columns-is-layout-28f84493 wp-block-columns-is-layout-flex\">\n<div class=\"wp-block-column is-layout-flow wp-block-column-is-layout-flow\">\n<iframe src=\"https:\/\/docs.google.com\/forms\/d\/e\/1FAIpQLSdr7zCYh0bD-DC42uox_KU1RhkPXEfvvSA-xhzk03VC_sfk-Q\/viewform?embedded=true\" width=\"640\" height=\"1273\" frameborder=\"0\" marginheight=\"0\" marginwidth=\"0\">A carregar\u2026<\/iframe>\n<\/div>\n<\/div>\n<\/div>\n<\/div>\n","protected":false},"excerpt":{"rendered":"<p>Oficina de Renova\u00e7\u00e3o Criativa de Objetos Evento GRATUITO ! Na \u00faltima oficina de ver\u00e3o da Casa dos Av\u00f3s, vamos dar uma vida nova a algo que j\u00e1 n\u00e3o usamos. Reutilizar \u00e9 uma atitude respons\u00e1vel, e sustent\u00e1vel. Convidamos os participantes a levarem uma pe\u00e7a de roupa que j\u00e1 n\u00e3o usem e [&hellip;]<\/p>\n","protected":false},"author":2,"featured_media":1062,"parent":0,"menu_order":0,"comment_status":"closed","ping_status":"closed","template":"","meta":{"_eb_attr":"","footnotes":""},"class_list":["post-1050","page","type-page","status-publish","has-post-thumbnail","hentry"],"yoast_head":"<!-- This site is optimized with the Yoast SEO plugin v24.7 - https:\/\/yoast.com\/wordpress\/plugins\/seo\/ -->\n<title>Oficina de Renova\u00e7\u00e3o Criativa de Objetos - Ver\u00e3o 2024 - Academia Casa dos Av\u00f3s<\/title>\n<meta name=\"robots\" content=\"index, follow, max-snippet:-1, max-image-preview:large, max-video-preview:-1\" \/>\n<link rel=\"canonical\" href=\"https:\/\/academiacasadosavos.pt\/index.php\/oficina-renovacao-criativa-de-objetos-verao-2024\/\" \/>\n<meta property=\"og:locale\" content=\"pt_PT\" \/>\n<meta property=\"og:type\" content=\"article\" \/>\n<meta property=\"og:title\" content=\"Oficina de Renova\u00e7\u00e3o Criativa de Objetos - Ver\u00e3o 2024 - Academia Casa dos Av\u00f3s\" \/>\n<meta property=\"og:description\" content=\"Oficina de Renova\u00e7\u00e3o Criativa de Objetos Evento GRATUITO ! Na \u00faltima oficina de ver\u00e3o da Casa dos Av\u00f3s, vamos dar uma vida nova a algo que j\u00e1 n\u00e3o usamos. Reutilizar \u00e9 uma atitude respons\u00e1vel, e sustent\u00e1vel. Convidamos os participantes a levarem uma pe\u00e7a de roupa que j\u00e1 n\u00e3o usem e [&hellip;]\" \/>\n<meta property=\"og:url\" content=\"https:\/\/academiacasadosavos.pt\/index.php\/oficina-renovacao-criativa-de-objetos-verao-2024\/\" \/>\n<meta property=\"og:site_name\" content=\"Academia Casa dos Av\u00f3s\" \/>\n<meta property=\"article:modified_time\" content=\"2024-07-20T13:48:48+00:00\" \/>\n<meta property=\"og:image\" content=\"https:\/\/academiacasadosavos.pt\/wp-content\/uploads\/2024\/07\/Oficina_Renovacao_Objetos_Verao_2024.jpg\" \/>\n\t<meta property=\"og:image:width\" content=\"1600\" \/>\n\t<meta property=\"og:image:height\" content=\"1599\" \/>\n\t<meta property=\"og:image:type\" content=\"image\/jpeg\" \/>\n<meta name=\"twitter:card\" content=\"summary_large_image\" \/>\n<meta name=\"twitter:label1\" content=\"Tempo estimado de leitura\" \/>\n\t<meta name=\"twitter:data1\" content=\"1 minuto\" \/>\n<script type=\"application\/ld+json\" class=\"yoast-schema-graph\">{\"@context\":\"https:\/\/schema.org\",\"@graph\":[{\"@type\":\"WebPage\",\"@id\":\"https:\/\/academiacasadosavos.pt\/index.php\/oficina-renovacao-criativa-de-objetos-verao-2024\/\",\"url\":\"https:\/\/academiacasadosavos.pt\/index.php\/oficina-renovacao-criativa-de-objetos-verao-2024\/\",\"name\":\"Oficina de Renova\u00e7\u00e3o Criativa de Objetos - Ver\u00e3o 2024 - Academia Casa dos Av\u00f3s\",\"isPartOf\":{\"@id\":\"https:\/\/academiacasadosavos.pt\/#website\"},\"primaryImageOfPage\":{\"@id\":\"https:\/\/academiacasadosavos.pt\/index.php\/oficina-renovacao-criativa-de-objetos-verao-2024\/#primaryimage\"},\"image\":{\"@id\":\"https:\/\/academiacasadosavos.pt\/index.php\/oficina-renovacao-criativa-de-objetos-verao-2024\/#primaryimage\"},\"thumbnailUrl\":\"https:\/\/academiacasadosavos.pt\/wp-content\/uploads\/2024\/07\/Oficina_Renovacao_Objetos_Verao_2024.jpg\",\"datePublished\":\"2024-07-10T21:58:26+00:00\",\"dateModified\":\"2024-07-20T13:48:48+00:00\",\"breadcrumb\":{\"@id\":\"https:\/\/academiacasadosavos.pt\/index.php\/oficina-renovacao-criativa-de-objetos-verao-2024\/#breadcrumb\"},\"inLanguage\":\"pt-PT\",\"potentialAction\":[{\"@type\":\"ReadAction\",\"target\":[\"https:\/\/academiacasadosavos.pt\/index.php\/oficina-renovacao-criativa-de-objetos-verao-2024\/\"]}]},{\"@type\":\"ImageObject\",\"inLanguage\":\"pt-PT\",\"@id\":\"https:\/\/academiacasadosavos.pt\/index.php\/oficina-renovacao-criativa-de-objetos-verao-2024\/#primaryimage\",\"url\":\"https:\/\/academiacasadosavos.pt\/wp-content\/uploads\/2024\/07\/Oficina_Renovacao_Objetos_Verao_2024.jpg\",\"contentUrl\":\"https:\/\/academiacasadosavos.pt\/wp-content\/uploads\/2024\/07\/Oficina_Renovacao_Objetos_Verao_2024.jpg\",\"width\":1600,\"height\":1599},{\"@type\":\"BreadcrumbList\",\"@id\":\"https:\/\/academiacasadosavos.pt\/index.php\/oficina-renovacao-criativa-de-objetos-verao-2024\/#breadcrumb\",\"itemListElement\":[{\"@type\":\"ListItem\",\"position\":1,\"name\":\"In\u00edcio\",\"item\":\"https:\/\/academiacasadosavos.pt\/\"},{\"@type\":\"ListItem\",\"position\":2,\"name\":\"Oficina de Renova\u00e7\u00e3o Criativa de Objetos &#8211; Ver\u00e3o 2024\"}]},{\"@type\":\"WebSite\",\"@id\":\"https:\/\/academiacasadosavos.pt\/#website\",\"url\":\"https:\/\/academiacasadosavos.pt\/\",\"name\":\"Academia Casa dos Av\u00f3s\",\"description\":\"\",\"publisher\":{\"@id\":\"https:\/\/academiacasadosavos.pt\/#organization\"},\"potentialAction\":[{\"@type\":\"SearchAction\",\"target\":{\"@type\":\"EntryPoint\",\"urlTemplate\":\"https:\/\/academiacasadosavos.pt\/?s={search_term_string}\"},\"query-input\":{\"@type\":\"PropertyValueSpecification\",\"valueRequired\":true,\"valueName\":\"search_term_string\"}}],\"inLanguage\":\"pt-PT\"},{\"@type\":\"Organization\",\"@id\":\"https:\/\/academiacasadosavos.pt\/#organization\",\"name\":\"Academia Casa dos Av\u00f3s\",\"url\":\"https:\/\/academiacasadosavos.pt\/\",\"logo\":{\"@type\":\"ImageObject\",\"inLanguage\":\"pt-PT\",\"@id\":\"https:\/\/academiacasadosavos.pt\/#\/schema\/logo\/image\/\",\"url\":\"https:\/\/academiacasadosavos.pt\/wp-content\/uploads\/2023\/07\/logocasaavos.jpg\",\"contentUrl\":\"https:\/\/academiacasadosavos.pt\/wp-content\/uploads\/2023\/07\/logocasaavos.jpg\",\"width\":915,\"height\":907,\"caption\":\"Academia Casa dos Av\u00f3s\"},\"image\":{\"@id\":\"https:\/\/academiacasadosavos.pt\/#\/schema\/logo\/image\/\"}}]}<\/script>\n<!-- \/ Yoast SEO plugin. -->","yoast_head_json":{"title":"Oficina de Renova\u00e7\u00e3o Criativa de Objetos - Ver\u00e3o 2024 - Academia Casa dos Av\u00f3s","robots":{"index":"index","follow":"follow","max-snippet":"max-snippet:-1","max-image-preview":"max-image-preview:large","max-video-preview":"max-video-preview:-1"},"canonical":"https:\/\/academiacasadosavos.pt\/index.php\/oficina-renovacao-criativa-de-objetos-verao-2024\/","og_locale":"pt_PT","og_type":"article","og_title":"Oficina de Renova\u00e7\u00e3o Criativa de Objetos - Ver\u00e3o 2024 - Academia Casa dos Av\u00f3s","og_description":"Oficina de Renova\u00e7\u00e3o Criativa de Objetos Evento GRATUITO ! Na \u00faltima oficina de ver\u00e3o da Casa dos Av\u00f3s, vamos dar uma vida nova a algo que j\u00e1 n\u00e3o usamos. Reutilizar \u00e9 uma atitude respons\u00e1vel, e sustent\u00e1vel. Convidamos os participantes a levarem uma pe\u00e7a de roupa que j\u00e1 n\u00e3o usem e [&hellip;]","og_url":"https:\/\/academiacasadosavos.pt\/index.php\/oficina-renovacao-criativa-de-objetos-verao-2024\/","og_site_name":"Academia Casa dos Av\u00f3s","article_modified_time":"2024-07-20T13:48:48+00:00","og_image":[{"width":1600,"height":1599,"url":"https:\/\/academiacasadosavos.pt\/wp-content\/uploads\/2024\/07\/Oficina_Renovacao_Objetos_Verao_2024.jpg","type":"image\/jpeg"}],"twitter_card":"summary_large_image","twitter_misc":{"Tempo estimado de leitura":"1 minuto"},"schema":{"@context":"https:\/\/schema.org","@graph":[{"@type":"WebPage","@id":"https:\/\/academiacasadosavos.pt\/index.php\/oficina-renovacao-criativa-de-objetos-verao-2024\/","url":"https:\/\/academiacasadosavos.pt\/index.php\/oficina-renovacao-criativa-de-objetos-verao-2024\/","name":"Oficina de Renova\u00e7\u00e3o Criativa de Objetos - Ver\u00e3o 2024 - Academia Casa dos Av\u00f3s","isPartOf":{"@id":"https:\/\/academiacasadosavos.pt\/#website"},"primaryImageOfPage":{"@id":"https:\/\/academiacasadosavos.pt\/index.php\/oficina-renovacao-criativa-de-objetos-verao-2024\/#primaryimage"},"image":{"@id":"https:\/\/academiacasadosavos.pt\/index.php\/oficina-renovacao-criativa-de-objetos-verao-2024\/#primaryimage"},"thumbnailUrl":"https:\/\/academiacasadosavos.pt\/wp-content\/uploads\/2024\/07\/Oficina_Renovacao_Objetos_Verao_2024.jpg","datePublished":"2024-07-10T21:58:26+00:00","dateModified":"2024-07-20T13:48:48+00:00","breadcrumb":{"@id":"https:\/\/academiacasadosavos.pt\/index.php\/oficina-renovacao-criativa-de-objetos-verao-2024\/#breadcrumb"},"inLanguage":"pt-PT","potentialAction":[{"@type":"ReadAction","target":["https:\/\/academiacasadosavos.pt\/index.php\/oficina-renovacao-criativa-de-objetos-verao-2024\/"]}]},{"@type":"ImageObject","inLanguage":"pt-PT","@id":"https:\/\/academiacasadosavos.pt\/index.php\/oficina-renovacao-criativa-de-objetos-verao-2024\/#primaryimage","url":"https:\/\/academiacasadosavos.pt\/wp-content\/uploads\/2024\/07\/Oficina_Renovacao_Objetos_Verao_2024.jpg","contentUrl":"https:\/\/academiacasadosavos.pt\/wp-content\/uploads\/2024\/07\/Oficina_Renovacao_Objetos_Verao_2024.jpg","width":1600,"height":1599},{"@type":"BreadcrumbList","@id":"https:\/\/academiacasadosavos.pt\/index.php\/oficina-renovacao-criativa-de-objetos-verao-2024\/#breadcrumb","itemListElement":[{"@type":"ListItem","position":1,"name":"In\u00edcio","item":"https:\/\/academiacasadosavos.pt\/"},{"@type":"ListItem","position":2,"name":"Oficina de Renova\u00e7\u00e3o Criativa de Objetos &#8211; Ver\u00e3o 2024"}]},{"@type":"WebSite","@id":"https:\/\/academiacasadosavos.pt\/#website","url":"https:\/\/academiacasadosavos.pt\/","name":"Academia Casa dos Av\u00f3s","description":"","publisher":{"@id":"https:\/\/academiacasadosavos.pt\/#organization"},"potentialAction":[{"@type":"SearchAction","target":{"@type":"EntryPoint","urlTemplate":"https:\/\/academiacasadosavos.pt\/?s={search_term_string}"},"query-input":{"@type":"PropertyValueSpecification","valueRequired":true,"valueName":"search_term_string"}}],"inLanguage":"pt-PT"},{"@type":"Organization","@id":"https:\/\/academiacasadosavos.pt\/#organization","name":"Academia Casa dos Av\u00f3s","url":"https:\/\/academiacasadosavos.pt\/","logo":{"@type":"ImageObject","inLanguage":"pt-PT","@id":"https:\/\/academiacasadosavos.pt\/#\/schema\/logo\/image\/","url":"https:\/\/academiacasadosavos.pt\/wp-content\/uploads\/2023\/07\/logocasaavos.jpg","contentUrl":"https:\/\/academiacasadosavos.pt\/wp-content\/uploads\/2023\/07\/logocasaavos.jpg","width":915,"height":907,"caption":"Academia Casa dos Av\u00f3s"},"image":{"@id":"https:\/\/academiacasadosavos.pt\/#\/schema\/logo\/image\/"}}]}},"_links":{"self":[{"href":"https:\/\/academiacasadosavos.pt\/index.php\/wp-json\/wp\/v2\/pages\/1050","targetHints":{"allow":["GET"]}}],"collection":[{"href":"https:\/\/academiacasadosavos.pt\/index.php\/wp-json\/wp\/v2\/pages"}],"about":[{"href":"https:\/\/academiacasadosavos.pt\/index.php\/wp-json\/wp\/v2\/types\/page"}],"author":[{"embeddable":true,"href":"https:\/\/academiacasadosavos.pt\/index.php\/wp-json\/wp\/v2\/users\/2"}],"replies":[{"embeddable":true,"href":"https:\/\/academiacasadosavos.pt\/index.php\/wp-json\/wp\/v2\/comments?post=1050"}],"version-history":[{"count":9,"href":"https:\/\/academiacasadosavos.pt\/index.php\/wp-json\/wp\/v2\/pages\/1050\/revisions"}],"predecessor-version":[{"id":1074,"href":"https:\/\/academiacasadosavos.pt\/index.php\/wp-json\/wp\/v2\/pages\/1050\/revisions\/1074"}],"wp:featuredmedia":[{"embeddable":true,"href":"https:\/\/academiacasadosavos.pt\/index.php\/wp-json\/wp\/v2\/media\/1062"}],"wp:attachment":[{"href":"https:\/\/academiacasadosavos.pt\/index.php\/wp-json\/wp\/v2\/media?parent=1050"}],"curies":[{"name":"wp","href":"https:\/\/api.w.org\/{rel}","templated":true}]}}